{"id":10603,"date":"2022-07-25T13:13:40","date_gmt":"2022-07-25T11:13:40","guid":{"rendered":"https:\/\/www.dentorium.hr\/2022\/dr-daniel-zgombic\/"},"modified":"2023-01-17T19:39:02","modified_gmt":"2023-01-17T18:39:02","slug":"dott-daniel-zgombic","status":"publish","type":"page","link":"https:\/\/www.dentorium.hr\/it\/dott-daniel-zgombic\/","title":{"rendered":"Dott. Daniel \u017dgombi\u0107"},"content":{"rendered":"\n<blockquote class=\"wp-block-quote is-layout-flow wp-block-quote-is-layout-flow\">\n<p><strong>L\u2019amore per l\u2019odontoiatria&nbsp;<\/strong>e la conoscenza sono stati profilati sotto la guida educativa e l\u2019influenza di dentisti visionari di fama mondiale come Stephan Clotten, Mauro Fradeni, Galip Gurel, Florin Cofar e Christian Coachman, che hanno determinato il corso della carriera di Daniel e ispirato il modo in cui oggi guidiamo Dentorium e affrontiamo ogni paziente .<\/p>\n<\/blockquote>\n\n\n\n<h3 class=\"wp-block-heading\"><b>La visione di un appassionato di odontoiatria e fotografia giocoso e appassionato<\/b><\/h3>\n\n\n\n<p>Avendo il famoso padre dentista, il Dott. Antun \u017dgombi\u0107, il&nbsp;<strong>Dott. Daniel ha iniziato<\/strong>&nbsp;a conoscere la professione molto presto. Poco dopo la laurea, realizz\u00f2 il suo grande desiderio e fond\u00f2 Dentorium.<\/p>\n\n\n\n<figure class=\"wp-block-image\"><img decoding=\"async\" src=\"https:\/\/www.dentorium.hr\/2022\/wp-content\/uploads\/2022\/12\/dr-daniel-zgombic-stomatolog-rijeka.jpg\" alt=\"\" title=\"\"><\/figure>\n\n\n\n<p>Dentorium boutique studio \u00e8 oggi il <strong>risultato della visione di un giovane giocoso ed entusiasta<\/strong> che, grazie ai fedeli membri del suo team e l\u2019inevitabile potere femminile, \u00e8 riuscito a iniziare e impostare tutto come immaginava senza accettare compromessi sulla qualit\u00e0 del lavoro e al rapporto con i pazienti.<\/p>\n\n\n\n<p>Un <strong>insuperabile senso dell&#8217;estetica del sorriso<\/strong> e la capacit\u00e0 di risolvere anche i problemi pi\u00f9 complessi sono stati riconosciuti da molti dei nostri pazienti, e il Dott. Daniel \u00e8 oggi tra pochi dentisti in Croazia che stanno eseguendo la riabilitazione completa a livello mondiale.<\/p>\n\n\n\n<blockquote class=\"wp-block-quote is-layout-flow wp-block-quote-is-layout-flow\">\n<p>Il sorriso \u00e8 perfetto e unico proprio come la&nbsp;<strong>personalit\u00e0 del paziente<\/strong><\/p>\n<\/blockquote>\n\n\n\n<p>Nel suo lavoro il Dott. Daniel unisce le sue due passioni \u2013 l\u2019odontoiatria e la fotografia, grazie alle quali \u00e8 nata una ricca collezione di fotografie che documentano e presentano il lavoro di Dentorium, rendendolo trasparente e accessibile a tutti i nostri pazienti e colleghi.<\/p>\n\n\n\n<figure class=\"wp-block-image\"><img decoding=\"async\" src=\"https:\/\/www.dentorium.hr\/2022\/wp-content\/uploads\/2022\/12\/dr-daniel-zgombic-stomatoloski-studio-dentorium.jpg\" alt=\"\" title=\"\"><\/figure>\n\n\n\n<p>Tutti i nostri lavori si basano sulla tecnologia d&#8217;avanguardia di Digital Smile Design. I maggiori vantaggi del DSD sono sicuramente la presentazione del lavoro finale in un ambiente virtuale prima di prendere decisioni importanti e una chiara definizione delle fasi del lavoro, della durata della terapia e delle finanze. Unendo due grandi amori, il Dr. Daniel disegna e crea un sorriso perfetto e unico proprio come la personalit\u00e0 del paziente.<\/p>\n\n\n\n<blockquote class=\"wp-block-quote is-layout-flow wp-block-quote-is-layout-flow\">\n<p>Dentorium \u00e8 uno studio odontoiatrico a Fiume con un approccio unico ed esclusivo che ci consente di dedicarci, a voi pazienti, completamente e fornirvi un servizio personalizzato gli standard mondiali.<\/p>\n<\/blockquote>\n\n\n<p><\/p>","protected":false},"excerpt":{"rendered":"<p>L\u2019amore per l\u2019odontoiatria&nbsp;e la conoscenza sono stati profilati sotto la guida educativa e l\u2019influenza di dentisti visionari di fama mondiale come Stephan Clotten, Mauro Fradeni, Galip Gurel, Florin Cofar e Christian Coachman, che hanno determinato il corso della carriera di Daniel e ispirato il modo in cui oggi guidiamo Dentorium e affrontiamo ogni paziente . [&hellip;]<\/p>\n","protected":false},"author":1,"featured_media":9419,"parent":0,"menu_order":0,"comment_status":"closed","ping_status":"closed","template":"","meta":{"_acf_changed":false,"footnotes":""},"class_list":["post-10603","page","type-page","status-publish","has-post-thumbnail","hentry"],"acf":[],"_links":{"self":[{"href":"https:\/\/www.dentorium.hr\/it\/wp-json\/wp\/v2\/pages\/10603","targetHints":{"allow":["GET"]}}],"collection":[{"href":"https:\/\/www.dentorium.hr\/it\/wp-json\/wp\/v2\/pages"}],"about":[{"href":"https:\/\/www.dentorium.hr\/it\/wp-json\/wp\/v2\/types\/page"}],"author":[{"embeddable":true,"href":"https:\/\/www.dentorium.hr\/it\/wp-json\/wp\/v2\/users\/1"}],"replies":[{"embeddable":true,"href":"https:\/\/www.dentorium.hr\/it\/wp-json\/wp\/v2\/comments?post=10603"}],"version-history":[{"count":0,"href":"https:\/\/www.dentorium.hr\/it\/wp-json\/wp\/v2\/pages\/10603\/revisions"}],"wp:featuredmedia":[{"embeddable":true,"href":"https:\/\/www.dentorium.hr\/it\/wp-json\/wp\/v2\/media\/9419"}],"wp:attachment":[{"href":"https:\/\/www.dentorium.hr\/it\/wp-json\/wp\/v2\/media?parent=10603"}],"curies":[{"name":"wp","href":"https:\/\/api.w.org\/{rel}","templated":true}]}}